{"id":23,"date":"2018-03-01T12:47:42","date_gmt":"2018-03-01T11:47:42","guid":{"rendered":"http:\/\/location.espaceaurore-aixlesbains.com\/?page_id=23"},"modified":"2019-01-04T19:43:47","modified_gmt":"2019-01-04T18:43:47","slug":"actualites","status":"publish","type":"page","link":"https:\/\/location.espaceaurore-aixlesbains.com\/index.php\/actualites\/","title":{"rendered":"Services"},"content":{"rendered":"<h1>Les services propos\u00e9s avec la location \u00e0 l&#8217;Espace Aurore<\/h1>\n<p>Nous vous proposons les services suivants\u00a0:<\/p>\n<h2><strong>Communaut\u00e9 <\/strong><\/h2>\n<ul>\n<li><strong>Int\u00e9gration dans un groupe de praticiens\u00a0: <\/strong>Nous <strong>travaillons en r\u00e9seau<\/strong> de fa\u00e7on r\u00e9guli\u00e8re et orientons les patients \/ participants vers les praticiens correspondant \u00e0 leurs attentes.<\/li>\n<li><strong>Activit\u00e9s collectives\u00a0:<\/strong> des activit\u00e9s sont propos\u00e9es ponctuellement aux membres de l\u2019Espace Aurore afin de f\u00e9d\u00e9rer l\u2019\u00e9quipe.<\/li>\n<\/ul>\n<h2><strong>Visibilit\u00e9 am\u00e9lior\u00e9e<\/strong><\/h2>\n<ul>\n<li>L\u2019Espace Aurore existe depuis 15 ans et est connu et reconnu comme\u00a0lieu de r\u00e9f\u00e9rence majeur dans le domaine des th\u00e9rapies innovantes. Cela peut vous aider \u00e0 vous faire conna\u00eetre.<\/li>\n<li><strong>Cr\u00e9ation d&#8217;une page th\u00e9rapeute \/ intervenant <a href=\"http:\/\/dev.espaceaurore-aixlesbains.com\/\" target=\"_blank\" rel=\"noopener\">sur le site Web de l\u2019Espace Aurore<\/a><\/strong>\u00a0: description de votre pratique accompagn\u00e9e d&#8217;une photo<\/li>\n<li><strong>Communication de vos actualit\u00e9s\u00a0<\/strong>: vous pouvez cr\u00e9er vos \u00e9v\u00e9nements\u00a0 (cours, stages, conf\u00e9rences, ateliers, etc.) par le biais d\u2019un formulaire automatis\u00e9 sur le site Web. Ils seront diffus\u00e9s\u00a0:\n<ul>\n<li>Sur la rubrique actualit\u00e9s du\u00a0<a href=\"http:\/\/dev.espaceaurore-aixlesbains.com\/agenda\/\" target=\"_blank\" rel=\"noopener\"><strong>site Web de l\u2019Espace Aurore<\/strong><\/a><\/li>\n<li>Sur la <a href=\"https:\/\/www.facebook.com\/EspaceAuroreAixlesbains\/?ref=br_rs\" target=\"_blank\" rel=\"noopener\"><strong>page facebook de l\u2019Espace Aurore<\/strong><\/a><\/li>\n<li>Via l\u2019<strong>envoi d\u2019une newsletter mensuelle<\/strong> \u00e0 tous les contacts de l\u2019Espace Aurore\u00a0: 1200 contacts au total<\/li>\n<li>Via l&#8217;affichage du <strong>programme mensuel<\/strong> dans divers lieux de l&#8217;agglom\u00e9ration aixoise : biocoop, etc.<\/li>\n<\/li>\n<\/ul>\n<h2><strong>Simplicit\u00e9 de fonctionnement<\/strong><\/h2>\n<p>Afin de pouvoir pleinement vous consacrer \u00e0 vos pratiques et vos patients, nous avons simplifi\u00e9 le mode de fonctionnement :<\/p>\n<ul>\n<li><strong>R\u00e9servation via google agenda de chaque bureau ou salle<\/strong>. Cela facilite la r\u00e9servation pour une heure, une \u00bd journ\u00e9e ou journ\u00e9e.<\/li>\n<li><strong>La facturation est mensuelle<\/strong> (tarif variable selon la fr\u00e9quence de r\u00e9servation, ponctuelle ou r\u00e9guli\u00e8re)<\/li>\n<li>Vous avez acc\u00e8s \u00e0 des<strong><a href=\"http:\/\/location.espaceaurore-aixlesbains.com\/index.php\/accommodation\/espace-commun\/\" target=\"_blank\" rel=\"noopener\"> espaces communs<\/a><\/strong> qui peuvent vous faciliter la vie\u00a0: cuisine collective, acc\u00e8s au jardin,\u00a0vestiaire avec WC, douche et mat\u00e9riel (matelas, coussins, couverture, etc.)<\/li>\n<\/ul>\n<\/ul>\n<h2><strong>Des intervenants t\u00e9moignent de leur v\u00e9cu \u00e0 l&#8217;Espace Aurore<\/strong><\/h2>\n<ul>\n<li>Quand je passe la porte, je me reconnecte \u00e0 ma joie de vivre, \u00e0 ma profondeur. J\u2019ai le sentiment d\u2019\u00eatre ici dans une grande famille, ce que je recherchais et cela me procure une grande joie !  Marl\u00e8ne\n<\/li>\n<li>Je trouve ces r\u00e9unions sympathiques. Depuis dix ans, je vois passer des gens, je suis toujours surprise : c\u2019est une p\u00e9pini\u00e8re ! C\u2019est le plus beau lieu que je connais pour pratiquer. Blandine<\/li>\n<li>MERCI d&#8217;avoir \u00e9t\u00e9 l\u00e0 pour me permettre de prendre mon envol. Pour les ann\u00e9es \u00e0 venir, que le meilleur soit pour cet Espace Aurore et pour les \u00eatres qui y s\u00e9journent et qui y passent. Annie<\/li>\n<li>Au d\u00e9but je venais en tant qu\u2019\u00e9l\u00e8ve, maintenant j\u2019y travaille\u2026 je n\u2019aurais jamais imagin\u00e9 \u00e7a ! Je suis heureuse car j\u2019y rencontre des gens. Sylvie  <\/li>\n<li>C\u2019est un beau lieu. J\u2019aime la d\u00e9coration, les fleurs, la g\u00e9ode. C\u2019est important d\u2019\u00eatre plusieurs, de ne pas se sentir seul dans nos professions. On peut \u00e9voluer, rencontrer des pratiques diff\u00e9rentes est enrichissant !  Christine <\/li>\n<li>Merci \u00e0 Sylvie qui est \u00e0 l\u2019origine de cet espace o\u00f9 de belles \u00e9nergies circulent en permanence, merci \u00e0 vous tous qui faites partie de ce \u00ab Tout \u00bb et qui m\u2019avez accueillie chaleureusement et Merci aux belles \u00e9nergies de l\u2019Univers qui permettent une belle synergie des Consciences de chacun pour que l\u2019Espace Aurore irradie le Bien-Etre, la Paix et l\u2019Amour. Catherine<\/li>\n<li>Merci Espace Aurore pour ton hospitalit\u00e9, tu m\u2019as tant attir\u00e9e que je suis venue vivre juste \u00e0 c\u00f4t\u00e9\u2026 \u00e7a r\u00e9sonne tellement fort avec mes activit\u00e9s.  Merci Sylvie, gr\u00e2ce \u00e0 ton ouverture tu y es pour beaucoup, toi la gardienne de ce lieu ! Isabelle <\/li>\n<\/ul>\n","protected":false},"excerpt":{"rendered":"<p>Les services propos\u00e9s avec la location \u00e0 l&#8217;Espace Aurore Nous vous proposons les services suivants\u00a0: Communaut\u00e9 Int\u00e9gration dans un groupe de praticiens\u00a0: Nous travaillons en <\/p>\n<p><a href=\"https:\/\/location.espaceaurore-aixlesbains.com\/index.php\/actualites\/\" class=\"button2\">Read More &raquo;<\/a><\/p>\n","protected":false},"author":2,"featured_media":0,"parent":0,"menu_order":0,"comment_status":"closed","ping_status":"closed","template":"","meta":{"footnotes":""},"class_list":["post-23","page","type-page","status-publish","hentry"],"_links":{"self":[{"href":"https:\/\/location.espaceaurore-aixlesbains.com\/index.php\/wp-json\/wp\/v2\/pages\/23","targetHints":{"allow":["GET"]}}],"collection":[{"href":"https:\/\/location.espaceaurore-aixlesbains.com\/index.php\/wp-json\/wp\/v2\/pages"}],"about":[{"href":"https:\/\/location.espaceaurore-aixlesbains.com\/index.php\/wp-json\/wp\/v2\/types\/page"}],"author":[{"embeddable":true,"href":"https:\/\/location.espaceaurore-aixlesbains.com\/index.php\/wp-json\/wp\/v2\/users\/2"}],"replies":[{"embeddable":true,"href":"https:\/\/location.espaceaurore-aixlesbains.com\/index.php\/wp-json\/wp\/v2\/comments?post=23"}],"version-history":[{"count":14,"href":"https:\/\/location.espaceaurore-aixlesbains.com\/index.php\/wp-json\/wp\/v2\/pages\/23\/revisions"}],"predecessor-version":[{"id":334,"href":"https:\/\/location.espaceaurore-aixlesbains.com\/index.php\/wp-json\/wp\/v2\/pages\/23\/revisions\/334"}],"wp:attachment":[{"href":"https:\/\/location.espaceaurore-aixlesbains.com\/index.php\/wp-json\/wp\/v2\/media?parent=23"}],"curies":[{"name":"wp","href":"https:\/\/api.w.org\/{rel}","templated":true}]}}