{"id":52,"date":"2018-03-02T19:05:27","date_gmt":"2018-03-02T18:05:27","guid":{"rendered":"http:\/\/location.espaceaurore-aixlesbains.com\/?page_id=52"},"modified":"2020-09-07T09:56:55","modified_gmt":"2020-09-07T07:56:55","slug":"agenda","status":"publish","type":"page","link":"https:\/\/location.espaceaurore-aixlesbains.com\/index.php\/agenda\/","title":{"rendered":"Agenda"},"content":{"rendered":"<h1>R\u00e9servation d&#8217;un bureau \/ salle \u00e0 l&#8217;Espace Aurore &#8211; Aix les Bains<\/h1>\n<p>La location peut \u00eatre ponctuelle (1 heure) ou r\u00e9guli\u00e8re.\u00a0Il est possible de r\u00e9server via un \u00ab Google Agenda \u00bb.<\/p>\n<p>Pour tout renseignement et obtenir l&#8217;acc\u00e8s \u00e0 un <strong>espace r\u00e9serv\u00e9 sur le site<\/strong>, merci de contacter Sylvie BRICOUT au 06 15 43 38 39. Un entretien t\u00e9l\u00e9phonique ou une rencontre est n\u00e9cessaire pour toute location.<\/p>\n<h2><strong>Espace r\u00e9serv\u00e9 aux praticiens et intervenants de l&#8217;Espace Aurore<\/strong> :<\/h2>\n<p><a href=\"http:\/\/espaceaurore-aixlesbains.com\/gestion\/login\" target=\"_blank\" rel=\"noopener\"><strong>Cr\u00e9er les \u00e9v\u00e9nements de l&#8217;Espace Aurore<\/strong><\/a><\/p>\n<div id=\"tabs\">\n<div class=\"container\">\n<div class=\"left-list\"><strong>Liste des salles :<\/strong><br \/>\n<a class=\"nav-tab tab1\" href=\"#tab1\"><strong>Salle Cassiop\u00e9e<\/strong><\/a><br \/>\n<a class=\"nav-tab tab2\" href=\"#tab2\"><strong>Salle Oxalis<\/strong><\/a><\/div>\n<div class=\"right-list\"><strong>Liste des bureaux :<\/strong><br \/>\n<a class=\"nav-tab tab3\" href=\"#tab3\"><strong>Bureau Iris<\/strong><\/a><br \/>\n<a class=\"nav-tab tab4\" href=\"#tab4\"><strong>Bureau Bambou<\/strong><\/a><\/div>\n<div><a href=\"https:\/\/calendar.google.com\/calendar\/b\/3\/r?tab=mc&amp;pli=1\" target=\"_blank\" rel=\"noopener\"><strong>Bureau Tournesol<\/strong><\/a><\/div>\n<\/div>\n<p id=\"tab1\" class=\"tab1\"><iframe loading=\"lazy\" style=\"border-width: 0;\" src=\"https:\/\/calendar.google.com\/calendar\/embed?showNav=0&amp;showPrint=0&amp;showTabs=0&amp;showCalendars=0&amp;showTz=0&amp;height=600&amp;wkst=2&amp;bgcolor=%23FFFFFF&amp;src=kugel8ohaq43andh75eldnve24%40group.calendar.google.com&amp;color=%23865A5A&amp;ctz=Europe%2FParis\" width=\"800\" height=\"600\" frameborder=\"0\" scrolling=\"no\"><\/iframe><\/p>\n<p id=\"tab2\" class=\"tab2\"><iframe loading=\"lazy\" style=\"border-width: 0;\" src=\"https:\/\/calendar.google.com\/calendar\/embed?showNav=0&amp;showPrint=0&amp;showTabs=0&amp;showCalendars=0&amp;showTz=0&amp;height=600&amp;wkst=2&amp;bgcolor=%23FFFFFF&amp;src=jn91fn3q5l9ipi28af7dah9nuo%40group.calendar.google.com&amp;color=%2342104A&amp;ctz=Europe%2FParis\" width=\"800\" height=\"600\" frameborder=\"0\" scrolling=\"no\"><\/iframe><\/p>\n<p id=\"tab3\" class=\"tab3\"><iframe loading=\"lazy\" style=\"border-width: 0;\" src=\"https:\/\/calendar.google.com\/calendar\/embed?showNav=0&amp;showPrint=0&amp;showTabs=0&amp;showCalendars=0&amp;showTz=0&amp;height=600&amp;wkst=2&amp;bgcolor=%23FFFFFF&amp;src=iipakju7n32l45tt805692jr8s%40group.calendar.google.com&amp;color=%23711616&amp;ctz=Europe%2FParis\" width=\"800\" height=\"600\" frameborder=\"0\" scrolling=\"no\"><\/iframe><\/p>\n<p id=\"tab4\" class=\"tab4\"><iframe loading=\"lazy\" style=\"border-width: 0;\" src=\"https:\/\/calendar.google.com\/calendar\/embed?showNav=0&amp;showPrint=0&amp;showTabs=0&amp;showCalendars=0&amp;showTz=0&amp;height=600&amp;wkst=2&amp;bgcolor=%23FFFFFF&amp;src=dgv43fnl7u1vh92preat473l5o%40group.calendar.google.com&amp;color=%235F6B02&amp;ctz=Europe%2FParis\" width=\"800\" height=\"600\" frameborder=\"0\" scrolling=\"no\"><\/iframe><\/p>\n<\/div>\n<p>&nbsp;<\/p>\n","protected":false},"excerpt":{"rendered":"<p>R\u00e9servation d&#8217;un bureau \/ salle \u00e0 l&#8217;Espace Aurore &#8211; Aix les Bains La location peut \u00eatre ponctuelle (1 heure) ou r\u00e9guli\u00e8re.\u00a0Il est possible de r\u00e9server <\/p>\n<p><a href=\"https:\/\/location.espaceaurore-aixlesbains.com\/index.php\/agenda\/\" class=\"button2\">Read More &raquo;<\/a><\/p>\n","protected":false},"author":2,"featured_media":0,"parent":0,"menu_order":0,"comment_status":"closed","ping_status":"closed","template":"","meta":{"footnotes":""},"class_list":["post-52","page","type-page","status-publish","hentry"],"_links":{"self":[{"href":"https:\/\/location.espaceaurore-aixlesbains.com\/index.php\/wp-json\/wp\/v2\/pages\/52","targetHints":{"allow":["GET"]}}],"collection":[{"href":"https:\/\/location.espaceaurore-aixlesbains.com\/index.php\/wp-json\/wp\/v2\/pages"}],"about":[{"href":"https:\/\/location.espaceaurore-aixlesbains.com\/index.php\/wp-json\/wp\/v2\/types\/page"}],"author":[{"embeddable":true,"href":"https:\/\/location.espaceaurore-aixlesbains.com\/index.php\/wp-json\/wp\/v2\/users\/2"}],"replies":[{"embeddable":true,"href":"https:\/\/location.espaceaurore-aixlesbains.com\/index.php\/wp-json\/wp\/v2\/comments?post=52"}],"version-history":[{"count":18,"href":"https:\/\/location.espaceaurore-aixlesbains.com\/index.php\/wp-json\/wp\/v2\/pages\/52\/revisions"}],"predecessor-version":[{"id":304,"href":"https:\/\/location.espaceaurore-aixlesbains.com\/index.php\/wp-json\/wp\/v2\/pages\/52\/revisions\/304"}],"wp:attachment":[{"href":"https:\/\/location.espaceaurore-aixlesbains.com\/index.php\/wp-json\/wp\/v2\/media?parent=52"}],"curies":[{"name":"wp","href":"https:\/\/api.w.org\/{rel}","templated":true}]}}