{"id":58,"date":"2018-03-02T19:06:17","date_gmt":"2018-03-02T18:06:17","guid":{"rendered":"http:\/\/location.espaceaurore-aixlesbains.com\/?page_id=58"},"modified":"2018-06-18T16:20:20","modified_gmt":"2018-06-18T14:20:20","slug":"acces","status":"publish","type":"page","link":"https:\/\/location.espaceaurore-aixlesbains.com\/index.php\/acces\/","title":{"rendered":"Acc\u00e8s"},"content":{"rendered":"<p>Pour se rendre \u00e0 l\u2019Espace Aurore 31 bis rue Jacotot \u00e0 Aix-les-Bains. Il est situ\u00e9 \u00e0 5-10 minutes \u00e0 pied de la gare. L\u2019Espace Aurore dispose d\u2019une place de parking uniquement destin\u00e9e aux personnes \u00e0 mobilit\u00e9 r\u00e9duite.<\/p>\n<p>L\u2019Espace Aurore est distant de 16 km de Chamb\u00e9ry, 35 km d\u2019Annecy, 72 km de Grenoble, 71 km de Gen\u00e8ve et 110 km de Lyon.<br \/>\n<div id=\"wpgmza_map\" class=\"wpgmza_map\" data-settings='{\"id\":\"1\",\"map_title\":\"Espace Aurore Aix-les-Bains\",\"map_width\":\"100\",\"map_height\":\"300\",\"map_start_lat\":\"45.689510\",\"map_start_lng\":\"5.905246\",\"map_start_location\":\"45.6895097472946,5.905245728835995\",\"map_start_zoom\":\"17\",\"default_marker\":\"0\",\"type\":\"1\",\"alignment\":\"2\",\"directions_enabled\":\"1\",\"styling_enabled\":\"0\",\"styling_json\":\"\",\"active\":\"0\",\"kml\":\"\",\"bicycle\":\"0\",\"traffic\":\"0\",\"dbox\":\"1\",\"dbox_width\":\"100\",\"listmarkers\":\"0\",\"listmarkers_advanced\":\"0\",\"filterbycat\":\"0\",\"ugm_enabled\":\"0\",\"ugm_category_enabled\":\"0\",\"fusion\":\"\",\"map_width_type\":\"\\\\%\",\"map_height_type\":\"px\",\"mass_marker_support\":\"1\",\"ugm_access\":\"0\",\"order_markers_by\":\"1\",\"order_markers_choice\":\"2\",\"show_user_location\":\"0\",\"default_to\":\"\",\"other_settings\":{\"store_locator_enabled\":2,\"store_locator_distance\":2,\"store_locator_default_radius\":\"10\",\"store_locator_not_found_message\":\"No results found in this location. Please try again.\",\"store_locator_bounce\":1,\"store_locator_query_string\":\"Code Postal \\\/ Adresse\",\"store_locator_default_address\":\"\",\"wpgmza_store_locator_restrict\":\"\",\"map_max_zoom\":\"1\",\"transport_layer\":0,\"wpgmza_theme_data\":\"\",\"wpgmza_show_points_of_interest\":1}}' data-map-id='1' Data-maps-engine='' data-shortcode-attributes='{\"id\":\"1\"}' style=\"display:block; overflow:auto; width:100%; height:300px; float:left;\"><\/div>\n<p>&nbsp;<\/p>\n<p>&nbsp;<\/p>\n<details>\n<summary style=\"font-size: 1.0em; text-align: left;\">En voiture<\/summary>\n<ul>\n<li>Se garer \u00e0 proximit\u00e9 du 31 bis rue Jacotot.<\/li>\n<li>Au 31 bis (rue Jacotot) prendre l\u2019all\u00e9e goudronn\u00e9e (50 m). Dans la cour, l\u2019entr\u00e9e de l\u2019Espace Aurore est \u00e0 droite.<\/li>\n<\/ul>\n<\/details>\n<p>&nbsp;<\/p>\n<p>&nbsp;<\/p>\n<p>&nbsp;<\/p>\n<details>\n<summary style=\"font-size: 1.0em; text-align: left;\">En voiture : en provenance d&#8217;ANNECY par l&#8217;autoroute A41<\/summary>\n<ul>\n<li>Sortir \u00e0 Aix-les-Bains Nord.<\/li>\n<li>Au 2e rond-point prendre \u00e0 gauche vers Aix-les-Bains.<\/li>\n<li>Passer sous les voies SNCF.<\/li>\n<li>Au feu rouge \u00e0 gauche vers Aix-les-Bains. Vous \u00eates sur la route de l\u2019Albanais (D1201) qui vient d\u2019Annecy.<\/li>\n<li>Entrer dans Aix-les-Bains en continuant par l\u2019avenue Franklin Roosevelt (D1201) sur 1,3 km, jusqu\u2019au rond-point (de l\u2019H\u00f4pital\/Station Esso).<\/li>\n<li>Au rond-point (de l\u2019H\u00f4pital) prendre en face, la 3\u00e8me sortie avenue du Mar\u00e9chal de Lattre de Tassigny (D1201) et continuer sur 130 m\u00e8tres.<\/li>\n<li>Au rond-point suivant, prendre \u00e0 droite, la 1\u00e8re sortie avenue Mar\u00e9chal de Lattre de Tassigny, sous la voie SNCF (D1201) et continuer sur 500 m.<\/li>\n<li>Au rond-point (Lamartine\/Station Total) prendre \u00e0 gauche la 3\u00e8me sortie boulevard Lepic.<\/li>\n<li>Au 2e rond-point (Pharmacie), prendre \u00e0 gauche la rue Jacotot &#8230; Stationner votre v\u00e9hicule.<\/li>\n<\/ul>\n<\/details>\n<p>&nbsp;<\/p>\n<p>&nbsp;<\/p>\n<p>&nbsp;<\/p>\n<details>\n<summary style=\"font-size: 1.0em; text-align: left;\">En voiture : en provenance d&#8217;ANNECY par la route (D1201)<\/summary>\n<ul>\n<li>Dans Gr\u00e9sy-sur-Aix, route de l\u2019Albanais (D1201), au 1er feu rouge continuer.<\/li>\n<li>Entrer dans Aix-les-Bains, en continuant avenue Franklin Roosevelt sur 1,3 km.<\/li>\n<li>Jusqu\u2019au rond-point (de l\u2019H\u00f4pital\/Station Esso).<\/li>\n<li>Au rond-point (de l\u2019H\u00f4pital) prendre en face, la 3\u00e8me sortie avenue du Mar\u00e9chal de Lattre de Tassigny (D1201) et continuer sur 130 m.<\/li>\n<li>Au rond-point, prendre \u00e0 droite, la 1\u00e8re sortie avenue du Mal de Lattre de Tassigny, sous les voies SNCF (D1201) et continuer sur 500 m.<\/li>\n<li>Au rond-point (Lamartine\/Station Total) prendre \u00e0 gauche, la 3\u00e8me sortie boulevard Lepic.<\/li>\n<li>Au 2e rond-point (Pharmacie), prendre \u00e0 gauche la rue Jacotot &#8230; Stationner votre v\u00e9hicule.<\/li>\n<\/ul>\n<\/details>\n<p>&nbsp;<\/p>\n<p>&nbsp;<\/p>\n<p>&nbsp;<\/p>\n<details>\n<summary style=\"font-size: 1.0em; text-align: left;\">En voiture en provenance de CHAUTAGNE par les bords du lac (D99)<\/summary>\n<ul>\n<li>Entrer dans Aix-les-Bains.<\/li>\n<li>Au rond-point, (H\u00f4pital\/Station Esso) prendre \u00e0 droite, la 2\u00e8me sortie avenue du Mal de Lattre de Tassigny (D1201) et continuer sur 130 m\u00e8tres.<\/li>\n<li>Au rond-point, prendre la 1\u00e8re sortie avenue du Mar\u00e9chal de Lattre de Tassigny, sous la voie SNCF (D1201) et continuer sur 500 m.<\/li>\n<li>Au rond-point (Lamartine\/station Total) prendre \u00e0 gauche, la 3\u00e8me sortie boulevard Lepic.<\/li>\n<li>Au 2e rond-point (Pharmacie), prendre \u00e0 gauche, la rue Jacotot &#8230; Stationner votre v\u00e9hicule.<\/li>\n<\/ul>\n<\/details>\n<p>&nbsp;<\/p>\n<p>&nbsp;<\/p>\n<p>&nbsp;<\/p>\n<details>\n<summary style=\"font-size: 1.0em; text-align: left;\">En voiture en provenance de CHAMBERY par l&#8217;autoroute A41<\/summary>\n<ul>\n<li>Sortir \u00e0 Aix-les-Bains Sud.<\/li>\n<li>Au rond-point (Leclerc), prendre en face, la 2\u00e8me sortie route de l&#8217;\u00c9changeur (D127) et continuer sur 300 m\u00e8tres.<\/li>\n<li>Au rond-point (Magasin Feu Vert), prendre \u00e0 droite, la 2\u00e8me sortie avenue du Golf (D991) puis l\u2019avenue de Marlioz (D991) sur 600 m\u00e8tres.<\/li>\n<li>Apr\u00e8s l\u2019Hippodrome.<\/li>\n<li>Au rond-point, prendre \u00e0 gauche, la 2\u00e8me sortie rue Gal Ferri\u00e9.<\/li>\n<li>Passer sous les voies SNCF, puis \u00e0 droite boulevard Lepic.<\/li>\n<li>Au 3eme rond-point (Pharmacie) prendre \u00e0 droite, rue Jacotot &#8230; Stationner votre v\u00e9hicule.<\/li>\n<\/ul>\n<\/details>\n<p>&nbsp;<\/p>\n<p>&nbsp;<\/p>\n<p>&nbsp;<\/p>\n<details>\n<summary style=\"font-size: 1.0em; text-align: left;\">En voiture : en provenance de CHAMBERY par les bords du lac (D1201)<\/summary>\n<ul>\n<li>Entrer dans Aix-les-Bains.<\/li>\n<li>Au rond-point (McDonald&#8217;s\/Casino\/Cin\u00e9ma), prendre \u00e0 droite, la 1\u00e8re sortie avenue du Mal de Lattre de Tassigny (D1201) et continuer sur 150 m.<\/li>\n<li>Au rond-point (Lamartine\/Station Total) prendre \u00e0 droite, la 1\u00e8re sortie boulevard Lepic.<\/li>\n<li>Au 2e rond-point (Pharmacie), prendre \u00e0 gauche, la rue Jacotot &#8230; Stationner votre v\u00e9hicule.<\/li>\n<\/ul>\n<\/details>\n<p>&nbsp;<\/p>\n<p>&nbsp;<\/p>\n<p>&nbsp;<\/p>\n<details>\n<summary style=\"font-size: 1.0em; text-align: left;\">En train : gare SNCF AIX-LES-BAINS-LE REVARD<\/summary>\n<ul>\n<li>L\u2019Espace Aurore est situ\u00e9 \u00e0 400 m\u00e8tres de la gare (5 min \u00e0 pied).<\/li>\n<li>A la sortie de la gare prendre \u00e0 gauche.<\/li>\n<li>Traverser la gare routi\u00e8re (100 m).<\/li>\n<li>Descendre l\u2019escalier qui se dirige sous les voies SNCF.<\/li>\n<li>Passer sous les voies \u00e0 gauche, jusqu\u2019au boulevard Edouard Colone (100 m).<\/li>\n<li>Prendre \u00e0 droite.<\/li>\n<li>A 50 m prendre \u00e0 gauche, rue Jacotot (traverser la rue la libert\u00e9) (150 m).<\/li>\n<li>Au 31 bis (rue Jacotot) prendre l\u2019all\u00e9e goudronn\u00e9e (50 m).<\/li>\n<li>Dans la cour, l\u2019entr\u00e9e de l\u2019Espace Aurore est \u00e0 droite.<\/li>\n<\/ul>\n<\/details>\n<p>&nbsp;<\/p>\n<p>&nbsp;<\/p>\n","protected":false},"excerpt":{"rendered":"<p>Pour se rendre \u00e0 l\u2019Espace Aurore 31 bis rue Jacotot \u00e0 Aix-les-Bains. Il est situ\u00e9 \u00e0 5-10 minutes \u00e0 pied de la gare. L\u2019Espace Aurore <\/p>\n<p><a href=\"https:\/\/location.espaceaurore-aixlesbains.com\/index.php\/acces\/\" class=\"button2\">Read More &raquo;<\/a><\/p>\n","protected":false},"author":2,"featured_media":0,"parent":0,"menu_order":0,"comment_status":"closed","ping_status":"closed","template":"","meta":{"footnotes":""},"class_list":["post-58","page","type-page","status-publish","hentry"],"_links":{"self":[{"href":"https:\/\/location.espaceaurore-aixlesbains.com\/index.php\/wp-json\/wp\/v2\/pages\/58","targetHints":{"allow":["GET"]}}],"collection":[{"href":"https:\/\/location.espaceaurore-aixlesbains.com\/index.php\/wp-json\/wp\/v2\/pages"}],"about":[{"href":"https:\/\/location.espaceaurore-aixlesbains.com\/index.php\/wp-json\/wp\/v2\/types\/page"}],"author":[{"embeddable":true,"href":"https:\/\/location.espaceaurore-aixlesbains.com\/index.php\/wp-json\/wp\/v2\/users\/2"}],"replies":[{"embeddable":true,"href":"https:\/\/location.espaceaurore-aixlesbains.com\/index.php\/wp-json\/wp\/v2\/comments?post=58"}],"version-history":[{"count":30,"href":"https:\/\/location.espaceaurore-aixlesbains.com\/index.php\/wp-json\/wp\/v2\/pages\/58\/revisions"}],"predecessor-version":[{"id":330,"href":"https:\/\/location.espaceaurore-aixlesbains.com\/index.php\/wp-json\/wp\/v2\/pages\/58\/revisions\/330"}],"wp:attachment":[{"href":"https:\/\/location.espaceaurore-aixlesbains.com\/index.php\/wp-json\/wp\/v2\/media?parent=58"}],"curies":[{"name":"wp","href":"https:\/\/api.w.org\/{rel}","templated":true}]}}